{"id":11709,"date":"2022-11-12T02:16:52","date_gmt":"2022-11-12T10:16:52","guid":{"rendered":"https:\/\/www.cisnevada.org\/locations\/"},"modified":"2023-04-24T15:43:54","modified_gmt":"2023-04-24T22:43:54","slug":"donde-nos-encontramos","status":"publish","type":"page","link":"https:\/\/www.cisnevada.org\/es\/donde-nos-encontramos\/","title":{"rendered":"Regiones"},"content":{"rendered":"\n<section class=\"inner-page-hero alignfull\">\n  <div class=\"inner-page-hero__background\">\n    <div class=\"inner-page-hero__grid\">\n      <div class=\"inner-page-hero__body\">\n        <div class=\"inner-page-her__subtitle\">Regiones<\/div>\n        <h1 class=\"inner-page-hero__title\">D\u00f3nde <em>Nos<\/em> Encontramos\n&nbsp;\n<\/h1>\n      <\/div>\n      <div class=\"inner-page-hero__image\">\n        <img fetchpriority=\"high\" decoding=\"async\" width=\"334\" height=\"500\" src=\"https:\/\/www.cisnevada.org\/wp-content\/uploads\/2022\/11\/CIS-Hero-Image-2.jpg\" class=\"attachment-featured size-featured\" alt=\"communities in schools locations\" loading=\"eager\" srcset=\"https:\/\/www.cisnevada.org\/wp-content\/uploads\/2022\/11\/CIS-Hero-Image-2.jpg 1281w, https:\/\/www.cisnevada.org\/wp-content\/uploads\/2022\/11\/CIS-Hero-Image-2-200x300.jpg 200w, https:\/\/www.cisnevada.org\/wp-content\/uploads\/2022\/11\/CIS-Hero-Image-2-683x1024.jpg 683w, https:\/\/www.cisnevada.org\/wp-content\/uploads\/2022\/11\/CIS-Hero-Image-2-768x1151.jpg 768w, https:\/\/www.cisnevada.org\/wp-content\/uploads\/2022\/11\/CIS-Hero-Image-2-1025x1536.jpg 1025w\" sizes=\"(max-width: 334px) 100vw, 334px\" \/>      <\/div>\n    <\/div>\n  <\/div>\n<\/section>\n\n\n<section  class=\"side-content-cta alignwide \">\n  <div class=\"side-content-cta__grid\">\n          <div class=\"side-content-cta__eyebrow\">\n        Recursos en el lugar      <\/div>\n              <h2 class=\"side-content-cta__headline\">\n        Communities In Schools (CIS) of Nevada      <\/h2>\n                      <div class=\"side-content-cta__body wizzy\">\n        <p>Con coordinadores en 92 escuelas de nivel 1 en el oeste de Nevada, el sur de Nevada y el noreste de Nevada, proporcionamos recursos en todos los rincones del estado, desde <strong>\u00fatiles escolares, apoyo acad\u00e9mico y de salud mental hasta necesidades vitales b\u00e1sicas<\/strong>. Dentro de cada regi\u00f3n, nuestros coordinadores adaptan la experiencia de los estudiantes para que coincida con las necesidades \u00fanicas de la zona. Explore nuestras regiones de Nevada a continuaci\u00f3n.<\/p>\n      <\/div>\n      <\/div>\n<\/section>\n\n\n\n<section  class=\"side-image-block  alignfull is-style-right-image-fb\">\n  <div class=\"side-image-block__image\">\n            <img loading=\"lazy\" decoding=\"async\" width=\"1024\" height=\"683\" src=\"https:\/\/www.cisnevada.org\/wp-content\/uploads\/2022\/11\/CIS-SNV-Mike-O-Callaghan-Middle-School-Site-Coordinators-1024x683.jpg\" class=\"attachment-large size-large\" alt=\"communities in schools nevada\" srcset=\"https:\/\/www.cisnevada.org\/wp-content\/uploads\/2022\/11\/CIS-SNV-Mike-O-Callaghan-Middle-School-Site-Coordinators-1024x683.jpg 1024w, https:\/\/www.cisnevada.org\/wp-content\/uploads\/2022\/11\/CIS-SNV-Mike-O-Callaghan-Middle-School-Site-Coordinators-300x200.jpg 300w, https:\/\/www.cisnevada.org\/wp-content\/uploads\/2022\/11\/CIS-SNV-Mike-O-Callaghan-Middle-School-Site-Coordinators-768x512.jpg 768w, https:\/\/www.cisnevada.org\/wp-content\/uploads\/2022\/11\/CIS-SNV-Mike-O-Callaghan-Middle-School-Site-Coordinators-1536x1024.jpg 1536w, https:\/\/www.cisnevada.org\/wp-content\/uploads\/2022\/11\/CIS-SNV-Mike-O-Callaghan-Middle-School-Site-Coordinators.jpg 1920w\" sizes=\"auto, (max-width: 1024px) 100vw, 1024px\" \/>      <\/div>\n  <div class=\"side-image-block__contents\">\n          <div class=\"side-image-block__icon\">\n        <img loading=\"lazy\" decoding=\"async\" src=\"\/wp-content\/themes\/cis\/assets\/svgs\/icons\/medal-star.svg\" width=\"56\" height=\"56\" alt=\"\"\/>\n      <\/div>\n              <h3 class=\"side-image-block__headline\">\n        Escuelas del sur de Nevada      <\/h3>\n              <div class=\"side-image-block__body wizzy\">\n        <p><strong>Communities In Schools del sur de Nevada<\/strong> atiende a miles de estudiantes en <strong>Las Vegas<\/strong>, en Henderson y otros puntos del condado de Clark.<\/p>\n      <\/div>\n              <a class=\"side-image-block__cta cta --large\" href=\"https:\/\/cisnevada.org\/locations\/southern-nevada\/\">Escuelas del Sur de Nevada<\/a>\n      <\/div>\n<\/section>\n\n\n\n<section  class=\"side-image-block  alignfull is-style-left-image-fb\">\n  <div class=\"side-image-block__image\">\n            <img loading=\"lazy\" decoding=\"async\" width=\"1024\" height=\"683\" src=\"https:\/\/www.cisnevada.org\/wp-content\/uploads\/2022\/11\/CIS-WNV-Lena-Juniper-Elementary-School-AJ-and-Site-Coordinator-1024x683.jpg\" class=\"attachment-large size-large\" alt=\"cis location\" srcset=\"https:\/\/www.cisnevada.org\/wp-content\/uploads\/2022\/11\/CIS-WNV-Lena-Juniper-Elementary-School-AJ-and-Site-Coordinator-1024x683.jpg 1024w, https:\/\/www.cisnevada.org\/wp-content\/uploads\/2022\/11\/CIS-WNV-Lena-Juniper-Elementary-School-AJ-and-Site-Coordinator-300x200.jpg 300w, https:\/\/www.cisnevada.org\/wp-content\/uploads\/2022\/11\/CIS-WNV-Lena-Juniper-Elementary-School-AJ-and-Site-Coordinator-768x512.jpg 768w, https:\/\/www.cisnevada.org\/wp-content\/uploads\/2022\/11\/CIS-WNV-Lena-Juniper-Elementary-School-AJ-and-Site-Coordinator-1536x1024.jpg 1536w, https:\/\/www.cisnevada.org\/wp-content\/uploads\/2022\/11\/CIS-WNV-Lena-Juniper-Elementary-School-AJ-and-Site-Coordinator.jpg 1920w\" sizes=\"auto, (max-width: 1024px) 100vw, 1024px\" \/>      <\/div>\n  <div class=\"side-image-block__contents\">\n          <div class=\"side-image-block__icon\">\n        <img loading=\"lazy\" decoding=\"async\" src=\"\/wp-content\/themes\/cis\/assets\/svgs\/icons\/accolades.svg\" width=\"56\" height=\"56\" alt=\"\"\/>\n      <\/div>\n              <h3 class=\"side-image-block__headline\">\n        Escuelas del oeste de Nevada      <\/h3>\n              <div class=\"side-image-block__body wizzy\">\n        <p>Nuestra <strong>comunidad de agentes de cambio<\/strong> se extiende al condado de Washoe y presta sus servicios a escuelas en Reno, Sparks y Sun Valley.<\/p>\n      <\/div>\n              <a class=\"side-image-block__cta cta --large\" href=\"https:\/\/cisnevada.org\/locations\/western-nevada-communities-in-schools-locations\/\">Escuelas del oeste de Nevada<\/a>\n      <\/div>\n<\/section>\n\n\n\n<section  class=\"side-image-block  alignfull is-style-right-image-fb\">\n  <div class=\"side-image-block__image\">\n            <img loading=\"lazy\" decoding=\"async\" width=\"1024\" height=\"684\" src=\"https:\/\/www.cisnevada.org\/wp-content\/uploads\/2022\/11\/CIS-NENV-Spring-Creek-High-School-Site-Coordinators-1024x684.jpg\" class=\"attachment-large size-large\" alt=\"CIS NENV Spring Creek High School Site Coordinators\" srcset=\"https:\/\/www.cisnevada.org\/wp-content\/uploads\/2022\/11\/CIS-NENV-Spring-Creek-High-School-Site-Coordinators-1024x684.jpg 1024w, https:\/\/www.cisnevada.org\/wp-content\/uploads\/2022\/11\/CIS-NENV-Spring-Creek-High-School-Site-Coordinators-300x200.jpg 300w, https:\/\/www.cisnevada.org\/wp-content\/uploads\/2022\/11\/CIS-NENV-Spring-Creek-High-School-Site-Coordinators-768x513.jpg 768w, https:\/\/www.cisnevada.org\/wp-content\/uploads\/2022\/11\/CIS-NENV-Spring-Creek-High-School-Site-Coordinators-1536x1026.jpg 1536w, https:\/\/www.cisnevada.org\/wp-content\/uploads\/2022\/11\/CIS-NENV-Spring-Creek-High-School-Site-Coordinators.jpg 1920w\" sizes=\"auto, (max-width: 1024px) 100vw, 1024px\" \/>      <\/div>\n  <div class=\"side-image-block__contents\">\n          <div class=\"side-image-block__icon\">\n        <img loading=\"lazy\" decoding=\"async\" src=\"\/wp-content\/themes\/cis\/assets\/svgs\/icons\/award.svg\" width=\"56\" height=\"56\" alt=\"\"\/>\n      <\/div>\n              <h3 class=\"side-image-block__headline\">\n        Escuelas del noreste de Nevada      <\/h3>\n              <div class=\"side-image-block__body wizzy\">\n        <p class=\"p1\">A trav\u00e9s de <strong>programas escolares<\/strong> proporcionamos un <strong>camino equitativo a la educaci\u00f3n<\/strong> para los estudiantes de todo el noreste de Nevada, incluyendo Elko, Winnemucca, West Wendover y en los confines del Estado de Plata.<\/p>\n      <\/div>\n              <a class=\"side-image-block__cta cta --large\" href=\"https:\/\/cisnevada.org\/locations\/northeastern-nevada\/\">Escuelas del noreste de Nevada<\/a>\n      <\/div>\n<\/section>\n\n\n<section  class=\"youtube-block alignwide \">\n  <div class=\"youtube-block__image js-youtubeEmbed\" data-youtube=\"NgYS1NyWKyc\">\n            <div class=\"play-icon\"><\/div>\n        <\/div>\n  <div class=\"youtube-block__contents\">\n          <h2 class=\"youtube-block__headline\">\n        Acerca de Communities In Schools of Nevada      <\/h2>\n        <div class=\"youtube-block__body wizzy\">\n          <\/div>\n      <\/div>\n<\/section>\n\n\n<p>Communities In Schools of Nevada es una de las operaciones estatales m\u00e1s grandes de la <strong>principal organizaci\u00f3n nacional de prevenci\u00f3n del abandono escolar<\/strong>, que ha demostrado que mantiene a los estudiantes en la escuela y en el camino hacia la graduaci\u00f3n.<\/p>\n\n\n\n<p>Utilizamos un modelo basado en pruebas, aplicado por coordinadores de sitio capacitados, para poner en contacto a los estudiantes y sus familias con recursos educativos y comunitarios esenciales. Esto implica trabajar directamente con las escuelas, las comunidades y las familias para identificar sus necesidades \u00fanicas y rodear a los estudiantes con una red solidaria de apoyo.<\/p>\n\n\n\n<div class=\"wp-block-buttons is-layout-flex wp-block-buttons-is-layout-flex\">\n<div class=\"wp-block-button\"><a class=\"wp-block-button__link wp-element-button\" href=\"https:\/\/cisnevada.org\/communities-in-schools\/\">See How We Can Help<\/a><\/div>\n<\/div>\n\n\n\n<section  class=\"background-image-cta alignfull \">\n      <picture class=\"background-image-cta__image\">\n              <source media=\"(min-width: 900px)\" srcset=\"https:\/\/www.cisnevada.org\/wp-content\/uploads\/2022\/11\/CIS-Nevada-positive-impact.jpg\">\n            <img decoding=\"async\" src=\"https:\/\/www.cisnevada.org\/wp-content\/uploads\/2022\/11\/CIS-Nevada-positive-impact-768x387.jpg\"alt=\"CIS Nevada Positive Impact\">\n    <\/picture>\n    <div class=\"background-image-cta__overlay --green\"><\/div>\n      <div class=\"background-image-cta__eyebrow\">\n      Help CIS of Nevada    <\/div>\n        <h2 class=\"background-image-cta__headline\">\n      Support CIS and Nevada\u2019s Students with a Donation    <\/h2>\n        <a class=\"background-image-cta__cta cta --large\" href=\"https:\/\/cisnevada.org\/donations\/\">\n      Donate    <\/a>\n  <\/section>\n\n","protected":false},"excerpt":{"rendered":"<p>Communities In Schools of Nevada es una de las operaciones estatales m\u00e1s grandes de la principal organizaci\u00f3n nacional de prevenci\u00f3n del abandono escolar, que ha &hellip;<\/p>\n","protected":false},"author":1,"featured_media":0,"parent":0,"menu_order":0,"comment_status":"closed","ping_status":"closed","template":"","meta":{"_acf_changed":false,"_price":"","_stock":"","_tribe_ticket_header":"","_tribe_default_ticket_provider":"","_tribe_ticket_capacity":"0","_ticket_start_date":"","_ticket_end_date":"","_tribe_ticket_show_description":"","_tribe_ticket_show_not_going":false,"_tribe_ticket_use_global_stock":"","_tribe_ticket_global_stock_level":"","_global_stock_mode":"","_global_stock_cap":"","_tribe_rsvp_for_event":"","_tribe_ticket_going_count":"","_tribe_ticket_not_going_count":"","_tribe_tickets_list":"[]","_tribe_ticket_has_attendee_info_fields":false,"_EventAllDay":false,"_EventTimezone":"","_EventStartDate":"","_EventEndDate":"","_EventStartDateUTC":"","_EventEndDateUTC":"","_EventShowMap":false,"_EventShowMapLink":false,"_EventURL":"","_EventCost":"","_EventCostDescription":"","_EventCurrencySymbol":"","_EventCurrencyCode":"","_EventCurrencyPosition":"","_EventDateTimeSeparator":"","_EventTimeRangeSeparator":"","_EventOrganizerID":[],"_EventVenueID":[],"_OrganizerEmail":"","_OrganizerPhone":"","_OrganizerWebsite":"","_VenueAddress":"","_VenueCity":"","_VenueCountry":"","_VenueProvince":"","_VenueState":"","_VenueZip":"","_VenuePhone":"","_VenueURL":"","_VenueStateProvince":"","_VenueLat":"","_VenueLng":"","_VenueShowMap":false,"_VenueShowMapLink":false,"_tribe_blocks_recurrence_rules":"","_tribe_blocks_recurrence_description":"","_tribe_blocks_recurrence_exclusions":"","footnotes":"","_tec_slr_enabled":"","_tec_slr_layout":""},"class_list":["post-11709","page","type-page","status-publish","hentry"],"acf":[],"yoast_head":"<!-- This site is optimized with the Yoast SEO plugin v27.5 - https:\/\/yoast.com\/product\/yoast-seo-wordpress\/ -->\n<title>Communities In Schools of Nevada | Regiones<\/title>\n<meta name=\"description\" content=\"Communities In Schools of Nevada es una de las operaciones estatales m\u00e1s grandes de la principal organizaci\u00f3n nacional de prevenci\u00f3n del abandono escolar, que ha demostrado que mantiene a los estudiantes en la escuela y en el camino hacia la graduaci\u00f3n. Explore nuestras regiones de Nevada a continuaci\u00f3n.\" \/>\n<meta name=\"robots\" content=\"index, follow, max-snippet:-1, max-image-preview:large, max-video-preview:-1\" \/>\n<link rel=\"canonical\" href=\"https:\/\/www.cisnevada.org\/es\/donde-nos-encontramos\/\" \/>\n<meta property=\"og:locale\" content=\"es_ES\" \/>\n<meta property=\"og:type\" content=\"article\" \/>\n<meta property=\"og:title\" content=\"Communities In Schools of Nevada | Regiones\" \/>\n<meta property=\"og:description\" content=\"Communities In Schools of Nevada es una de las operaciones estatales m\u00e1s grandes de la principal organizaci\u00f3n nacional de prevenci\u00f3n del abandono escolar, que ha demostrado que mantiene a los estudiantes en la escuela y en el camino hacia la graduaci\u00f3n. Explore nuestras regiones de Nevada a continuaci\u00f3n.\" \/>\n<meta property=\"og:url\" content=\"https:\/\/www.cisnevada.org\/es\/donde-nos-encontramos\/\" \/>\n<meta property=\"og:site_name\" content=\"CIS Nevada\" \/>\n<meta property=\"article:publisher\" content=\"https:\/\/www.facebook.com\/cisnevada\" \/>\n<meta property=\"article:modified_time\" content=\"2023-04-24T22:43:54+00:00\" \/>\n<meta property=\"og:image\" content=\"https:\/\/www.cisnevada.org\/wp-content\/uploads\/2022\/11\/cis_nevada_logo_2x.png\" \/>\n\t<meta property=\"og:image:width\" content=\"250\" \/>\n\t<meta property=\"og:image:height\" content=\"114\" \/>\n\t<meta property=\"og:image:type\" content=\"image\/png\" \/>\n<meta name=\"twitter:card\" content=\"summary_large_image\" \/>\n<meta name=\"twitter:site\" content=\"@cis_nevada\" \/>\n<meta name=\"twitter:label1\" content=\"Tiempo de lectura\" \/>\n\t<meta name=\"twitter:data1\" content=\"1 minuto\" \/>\n<script type=\"application\/ld+json\" class=\"yoast-schema-graph\">{\"@context\":\"https:\\\/\\\/schema.org\",\"@graph\":[{\"@type\":\"WebPage\",\"@id\":\"https:\\\/\\\/www.cisnevada.org\\\/es\\\/donde-nos-encontramos\\\/\",\"url\":\"https:\\\/\\\/www.cisnevada.org\\\/es\\\/donde-nos-encontramos\\\/\",\"name\":\"Communities In Schools of Nevada | Regiones\",\"isPartOf\":{\"@id\":\"https:\\\/\\\/www.cisnevada.org\\\/#website\"},\"datePublished\":\"2022-11-12T10:16:52+00:00\",\"dateModified\":\"2023-04-24T22:43:54+00:00\",\"description\":\"Communities In Schools of Nevada es una de las operaciones estatales m\u00e1s grandes de la principal organizaci\u00f3n nacional de prevenci\u00f3n del abandono escolar, que ha demostrado que mantiene a los estudiantes en la escuela y en el camino hacia la graduaci\u00f3n. Explore nuestras regiones de Nevada a continuaci\u00f3n.\",\"breadcrumb\":{\"@id\":\"https:\\\/\\\/www.cisnevada.org\\\/es\\\/donde-nos-encontramos\\\/#breadcrumb\"},\"inLanguage\":\"es\",\"potentialAction\":[{\"@type\":\"ReadAction\",\"target\":[\"https:\\\/\\\/www.cisnevada.org\\\/es\\\/donde-nos-encontramos\\\/\"]}]},{\"@type\":\"BreadcrumbList\",\"@id\":\"https:\\\/\\\/www.cisnevada.org\\\/es\\\/donde-nos-encontramos\\\/#breadcrumb\",\"itemListElement\":[{\"@type\":\"ListItem\",\"position\":1,\"name\":\"Home\",\"item\":\"https:\\\/\\\/www.cisnevada.org\\\/es\\\/\"},{\"@type\":\"ListItem\",\"position\":2,\"name\":\"Regiones\"}]},{\"@type\":\"WebSite\",\"@id\":\"https:\\\/\\\/www.cisnevada.org\\\/#website\",\"url\":\"https:\\\/\\\/www.cisnevada.org\\\/\",\"name\":\"CIS Nevada\",\"description\":\"Communities In Schools of Nevada\",\"publisher\":{\"@id\":\"https:\\\/\\\/www.cisnevada.org\\\/#organization\"},\"potentialAction\":[{\"@type\":\"SearchAction\",\"target\":{\"@type\":\"EntryPoint\",\"urlTemplate\":\"https:\\\/\\\/www.cisnevada.org\\\/?s={search_term_string}\"},\"query-input\":{\"@type\":\"PropertyValueSpecification\",\"valueRequired\":true,\"valueName\":\"search_term_string\"}}],\"inLanguage\":\"es\"},{\"@type\":\"Organization\",\"@id\":\"https:\\\/\\\/www.cisnevada.org\\\/#organization\",\"name\":\"CIS Nevada\",\"url\":\"https:\\\/\\\/www.cisnevada.org\\\/\",\"logo\":{\"@type\":\"ImageObject\",\"inLanguage\":\"es\",\"@id\":\"https:\\\/\\\/www.cisnevada.org\\\/#\\\/schema\\\/logo\\\/image\\\/\",\"url\":\"https:\\\/\\\/www.cisnevada.org\\\/wp-content\\\/uploads\\\/2022\\\/11\\\/cis_nevada_logo_2x.png\",\"contentUrl\":\"https:\\\/\\\/www.cisnevada.org\\\/wp-content\\\/uploads\\\/2022\\\/11\\\/cis_nevada_logo_2x.png\",\"width\":250,\"height\":114,\"caption\":\"CIS Nevada\"},\"image\":{\"@id\":\"https:\\\/\\\/www.cisnevada.org\\\/#\\\/schema\\\/logo\\\/image\\\/\"},\"sameAs\":[\"https:\\\/\\\/www.facebook.com\\\/cisnevada\",\"https:\\\/\\\/x.com\\\/cis_nevada\",\"https:\\\/\\\/www.youtube.com\\\/channel\\\/UCT_JCEEI4Ixq0KELy93MCLg\",\"https:\\\/\\\/www.instagram.com\\\/cis_nevada\\\/\"]}]}<\/script>\n<!-- \/ Yoast SEO plugin. -->","yoast_head_json":{"title":"Communities In Schools of Nevada | Regiones","description":"Communities In Schools of Nevada es una de las operaciones estatales m\u00e1s grandes de la principal organizaci\u00f3n nacional de prevenci\u00f3n del abandono escolar, que ha demostrado que mantiene a los estudiantes en la escuela y en el camino hacia la graduaci\u00f3n. Explore nuestras regiones de Nevada a continuaci\u00f3n.","robots":{"index":"index","follow":"follow","max-snippet":"max-snippet:-1","max-image-preview":"max-image-preview:large","max-video-preview":"max-video-preview:-1"},"canonical":"https:\/\/www.cisnevada.org\/es\/donde-nos-encontramos\/","og_locale":"es_ES","og_type":"article","og_title":"Communities In Schools of Nevada | Regiones","og_description":"Communities In Schools of Nevada es una de las operaciones estatales m\u00e1s grandes de la principal organizaci\u00f3n nacional de prevenci\u00f3n del abandono escolar, que ha demostrado que mantiene a los estudiantes en la escuela y en el camino hacia la graduaci\u00f3n. Explore nuestras regiones de Nevada a continuaci\u00f3n.","og_url":"https:\/\/www.cisnevada.org\/es\/donde-nos-encontramos\/","og_site_name":"CIS Nevada","article_publisher":"https:\/\/www.facebook.com\/cisnevada","article_modified_time":"2023-04-24T22:43:54+00:00","og_image":[{"width":250,"height":114,"url":"https:\/\/www.cisnevada.org\/wp-content\/uploads\/2022\/11\/cis_nevada_logo_2x.png","type":"image\/png"}],"twitter_card":"summary_large_image","twitter_site":"@cis_nevada","twitter_misc":{"Tiempo de lectura":"1 minuto"},"schema":{"@context":"https:\/\/schema.org","@graph":[{"@type":"WebPage","@id":"https:\/\/www.cisnevada.org\/es\/donde-nos-encontramos\/","url":"https:\/\/www.cisnevada.org\/es\/donde-nos-encontramos\/","name":"Communities In Schools of Nevada | Regiones","isPartOf":{"@id":"https:\/\/www.cisnevada.org\/#website"},"datePublished":"2022-11-12T10:16:52+00:00","dateModified":"2023-04-24T22:43:54+00:00","description":"Communities In Schools of Nevada es una de las operaciones estatales m\u00e1s grandes de la principal organizaci\u00f3n nacional de prevenci\u00f3n del abandono escolar, que ha demostrado que mantiene a los estudiantes en la escuela y en el camino hacia la graduaci\u00f3n. Explore nuestras regiones de Nevada a continuaci\u00f3n.","breadcrumb":{"@id":"https:\/\/www.cisnevada.org\/es\/donde-nos-encontramos\/#breadcrumb"},"inLanguage":"es","potentialAction":[{"@type":"ReadAction","target":["https:\/\/www.cisnevada.org\/es\/donde-nos-encontramos\/"]}]},{"@type":"BreadcrumbList","@id":"https:\/\/www.cisnevada.org\/es\/donde-nos-encontramos\/#breadcrumb","itemListElement":[{"@type":"ListItem","position":1,"name":"Home","item":"https:\/\/www.cisnevada.org\/es\/"},{"@type":"ListItem","position":2,"name":"Regiones"}]},{"@type":"WebSite","@id":"https:\/\/www.cisnevada.org\/#website","url":"https:\/\/www.cisnevada.org\/","name":"CIS Nevada","description":"Communities In Schools of Nevada","publisher":{"@id":"https:\/\/www.cisnevada.org\/#organization"},"potentialAction":[{"@type":"SearchAction","target":{"@type":"EntryPoint","urlTemplate":"https:\/\/www.cisnevada.org\/?s={search_term_string}"},"query-input":{"@type":"PropertyValueSpecification","valueRequired":true,"valueName":"search_term_string"}}],"inLanguage":"es"},{"@type":"Organization","@id":"https:\/\/www.cisnevada.org\/#organization","name":"CIS Nevada","url":"https:\/\/www.cisnevada.org\/","logo":{"@type":"ImageObject","inLanguage":"es","@id":"https:\/\/www.cisnevada.org\/#\/schema\/logo\/image\/","url":"https:\/\/www.cisnevada.org\/wp-content\/uploads\/2022\/11\/cis_nevada_logo_2x.png","contentUrl":"https:\/\/www.cisnevada.org\/wp-content\/uploads\/2022\/11\/cis_nevada_logo_2x.png","width":250,"height":114,"caption":"CIS Nevada"},"image":{"@id":"https:\/\/www.cisnevada.org\/#\/schema\/logo\/image\/"},"sameAs":["https:\/\/www.facebook.com\/cisnevada","https:\/\/x.com\/cis_nevada","https:\/\/www.youtube.com\/channel\/UCT_JCEEI4Ixq0KELy93MCLg","https:\/\/www.instagram.com\/cis_nevada\/"]}]}},"ticketed":false,"_links":{"self":[{"href":"https:\/\/www.cisnevada.org\/es\/wp-json\/wp\/v2\/pages\/11709","targetHints":{"allow":["GET"]}}],"collection":[{"href":"https:\/\/www.cisnevada.org\/es\/wp-json\/wp\/v2\/pages"}],"about":[{"href":"https:\/\/www.cisnevada.org\/es\/wp-json\/wp\/v2\/types\/page"}],"author":[{"embeddable":true,"href":"https:\/\/www.cisnevada.org\/es\/wp-json\/wp\/v2\/users\/1"}],"replies":[{"embeddable":true,"href":"https:\/\/www.cisnevada.org\/es\/wp-json\/wp\/v2\/comments?post=11709"}],"version-history":[{"count":0,"href":"https:\/\/www.cisnevada.org\/es\/wp-json\/wp\/v2\/pages\/11709\/revisions"}],"wp:attachment":[{"href":"https:\/\/www.cisnevada.org\/es\/wp-json\/wp\/v2\/media?parent=11709"}],"curies":[{"name":"wp","href":"https:\/\/api.w.org\/{rel}","templated":true}]}}