{"id":11701,"date":"2022-11-11T21:43:48","date_gmt":"2022-11-12T05:43:48","guid":{"rendered":"https:\/\/www.cisnevada.org\/homepage-2\/"},"modified":"2023-04-25T09:55:32","modified_gmt":"2023-04-25T16:55:32","slug":"casa","status":"publish","type":"page","link":"https:\/\/www.cisnevada.org\/es\/","title":{"rendered":"Casa"},"content":{"rendered":"\n<section class=\"home-hero alignfull\">\n  <div class=\"home-hero__background\">\n    <div class=\"home-hero__grid\">\n      <div class=\"home-hero__body\">\n        <h1 class=\"home-hero__title\"><em>Apoyo<\/em> Estudiantil de CIS Nevada\n<\/h1>\n        <div class=\"home-hero__intro wizzy\"><p>Communities In Schools of Nevada trabaja para atender las necesidades b\u00e1sicas, socioemocionales y acad\u00e9micas de los estudiantes, capacit\u00e1ndolos para mantener su camino hacia un futuro de \u00e9xito.<\/p>\n<\/div>\n                  <a class=\"home-hero__cta cta\" href=\"Sobre Nosotros\">Sobre Nosotros<\/a>\n              <\/div>\n      <div class=\"home-hero__image\">\n        <img decoding=\"async\" id=\"hero-pill-1\" class=\"home-hero__pill --pos-1\" src=\"wp-content\/themes\/cis\/assets\/svgs\/home-hero-pills\/up-trend.svg\" alt=\"\"\/>\n        <img decoding=\"async\" id=\"hero-pill-2\" class=\"home-hero__pill --pos-2\" src=\"wp-content\/themes\/cis\/assets\/svgs\/home-hero-pills\/mail.svg\" alt=\"\"\/>\n        <img decoding=\"async\" id=\"hero-pill-3\" class=\"home-hero__pill --pos-3\" src=\"wp-content\/themes\/cis\/assets\/svgs\/home-hero-pills\/medal.svg\" alt=\"\"\/>\n        <img decoding=\"async\" id=\"hero-pill-4\" class=\"home-hero__pill --pos-4\" src=\"wp-content\/themes\/cis\/assets\/svgs\/home-hero-pills\/ellipse.svg\" alt=\"\"\/>\n        <img decoding=\"async\" id=\"hero-pill-5\" class=\"home-hero__pill --pos-5\" src=\"wp-content\/themes\/cis\/assets\/svgs\/home-hero-pills\/ellipse.svg\" alt=\"\"\/>\n          <img fetchpriority=\"high\" decoding=\"async\" width=\"580\" height=\"725\" src=\"https:\/\/www.cisnevada.org\/wp-content\/uploads\/2022\/12\/cis-student-homepage.png\" class=\"main-img\" alt=\"\" loading=\"eager\" srcset=\"https:\/\/www.cisnevada.org\/wp-content\/uploads\/2022\/12\/cis-student-homepage.png 580w, https:\/\/www.cisnevada.org\/wp-content\/uploads\/2022\/12\/cis-student-homepage-240x300.png 240w, https:\/\/www.cisnevada.org\/wp-content\/uploads\/2022\/12\/cis-student-homepage-400x500.png 400w\" sizes=\"(max-width: 580px) 100vw, 580px\" \/>      <\/div>\n    <\/div>\n  <\/div>\n<\/section>\n\n\n<section  class=\"youtube-block alignwide \">\n  <div class=\"youtube-block__image js-youtubeEmbed\" data-youtube=\"orjeuYYcn_A\">\n    <img loading=\"lazy\" decoding=\"async\" width=\"650\" height=\"329\" src=\"https:\/\/www.cisnevada.org\/wp-content\/uploads\/2022\/11\/screencap-650x329.png\" class=\"attachment-featured size-featured\" alt=\"CIS video\" srcset=\"https:\/\/www.cisnevada.org\/wp-content\/uploads\/2022\/11\/screencap-650x329.png 650w, https:\/\/www.cisnevada.org\/wp-content\/uploads\/2022\/11\/screencap-300x152.png 300w, https:\/\/www.cisnevada.org\/wp-content\/uploads\/2022\/11\/screencap-1200x607.png 1200w, https:\/\/www.cisnevada.org\/wp-content\/uploads\/2022\/11\/screencap-768x388.png 768w, https:\/\/www.cisnevada.org\/wp-content\/uploads\/2022\/11\/screencap.png 1280w\" sizes=\"auto, (max-width: 650px) 100vw, 650px\" \/>        <div class=\"play-icon\"><\/div>\n        <\/div>\n  <div class=\"youtube-block__contents\">\n          <h2 class=\"youtube-block__headline\">\n        C\u00f3mo ayuda CIS a los estudiantes de Nevada      <\/h2>\n        <div class=\"youtube-block__body wizzy\">\n      <p>Con el 79% de los estudiantes y sus familias viviendo en o cerca de la l\u00ednea de pobreza, proporcionar los recursos m\u00e1s fundamentales para nuestra comunidad puede parecer una batalla ardua. <strong>CIS Nevada est\u00e1 ayudando a 87.653 estudiantes este a\u00f1o cubriendo m\u00e1s all\u00e1 de lo esencial.<\/strong><\/p>\n    <\/div>\n          <a class=\"youtube-block__cta  cta --large\" href=\"https:\/\/cisnevada.org\/our-impact\/our-work\/\">Nuestro Trabajo<\/a>\n      <\/div>\n<\/section>\n\n\n<p class=\"is-style-p-small\"><em>Title I is where at least 40% of students enrolled live near the federal poverty line. The purpose of Title I is to ensure that all students have an equal opportunity to reach State learning standards<\/em>.<\/p>\n\n\n\n\n<section  class=\"map-block alignfull \">\n  <div class=\"map-block__background\"><\/div>\n    <div class=\"map-block__grid\">\n      <div class=\"map-block__contents\">\n                  <div class=\"map-block__eyebrow\">Escuelas de Nevada<\/div>\n                          <h2 class=\"map-block__headline\">\n            Justo Donde <em>Usted<\/em> Nos Necesita\n          <\/h2>\n                          <div class=\"map-block__body wizzy\">\n            <p>Desde Las Vegas a Reno y de Elko a Winnemucca, y en lugares intermedios, Communities In Schools of Nevada est\u00e1 trabajando para capacitar a nuestros estudiantes para tener \u00e9xito en la escuela y triunfar en la vida.<\/p>\n          <\/div>\n                          <a class=\"map-block__cta cta --large\" href=\"https:\/\/cisnevada.org\/locations\/\">Obtenga Informaci\u00f3n Regional<\/a>\n              <\/div>\n      <div class=\"map-block__image\">\n        <img decoding=\"async\" src=\"\/wp-content\/themes\/cis\/assets\/svgs\/Map_CIS_Home_image_transparent.webp\" height=\"611\" width=\"611\" alt=\"CIS-Nevada-Locations\" loading=\"lazy\"\/>\n      <\/div>\n    <\/div>\n<\/section>\n\n\n<section  class=\"quick-links alignwide \">\n  <div class=\"quick-links__grid\">\n            <a href=\"https:\/\/cisnevada.org\/locations\/\" class=\"quick-links__link --red\">\n        <div class=\"quick-links__link-headline\">\n          <div>Visite<\/div>\n          <div class=\"quick-links__link-icon\"><\/div>\n        <\/div>\n        <div class=\"quick-links__link-intro\">\n          Vea d\u00f3nde cambiamos vidas cada d\u00eda en Nevada.        <\/div>\n      <\/a>\n          <a href=\"https:\/\/cisnevada.org\/volunteer-opportunities\/\" class=\"quick-links__link --green\">\n        <div class=\"quick-links__link-headline\">\n          <div>Convi\u00e9rtase en Voluntario<\/div>\n          <div class=\"quick-links__link-icon\"><\/div>\n        <\/div>\n        <div class=\"quick-links__link-intro\">\n          Forme parte de nuestra comunidad, que contribuye a forjar la vida de los j\u00f3venes.        <\/div>\n      <\/a>\n          <a href=\"https:\/\/cisnevada.org\/donations\/\" class=\"quick-links__link --blue\">\n        <div class=\"quick-links__link-headline\">\n          <div>Done<\/div>\n          <div class=\"quick-links__link-icon\"><\/div>\n        <\/div>\n        <div class=\"quick-links__link-intro\">\n          Ayude a forjar el futuro de los estudiantes con una donaci\u00f3n econ\u00f3mica.        <\/div>\n      <\/a>\n        <\/div>\n<\/section>\n\n\n<figure class=\"wp-block-embed is-type-video is-provider-youtube wp-block-embed-youtube wp-embed-aspect-16-9 wp-has-aspect-ratio\"><div class=\"wp-block-embed__wrapper\">\nhttps:\/\/youtu.be\/_cxZVb90ieM\n<\/div><\/figure>\n\n\n\n<section  class=\"post-feed alignwide \">\n  <div class=\"post-feed__grid\">\n    <div class=\"post-feed__eyebrow\">Eventos de CIS<\/div>\n    <div class=\"post-feed__heading\">\n              <h2 class=\"post-feed__title\">\n          Pr\u00f3ximos Eventos de CIS Nevada        <\/h2>\n                    <a href=\"\/events\/\" class=\"post-feed__cta cta --large\">Vea Todo<\/a>\n          <\/div>\n    <div class=\"post-feed__posts\">\n                        <a class=\"post-feed__post\" href=\"https:\/\/www.cisnevada.org\/es\/event\/cis-charity-poker-tournament\/\">\n            <div class=\"post-feed__post-image\">\n              <img loading=\"lazy\" decoding=\"async\" width=\"600\" height=\"338\" src=\"https:\/\/www.cisnevada.org\/wp-content\/uploads\/2026\/02\/Website-Event-promo-Poker-Tournament-2026.png\" class=\"attachment-featured size-featured\" alt=\"\" srcset=\"https:\/\/www.cisnevada.org\/wp-content\/uploads\/2026\/02\/Website-Event-promo-Poker-Tournament-2026.png 600w, https:\/\/www.cisnevada.org\/wp-content\/uploads\/2026\/02\/Website-Event-promo-Poker-Tournament-2026-300x169.png 300w\" sizes=\"auto, (max-width: 600px) 100vw, 600px\" \/>            <\/div>\n            <div class=\"post-feed__post-title\">\n              CIS Charity Poker Tournament            <\/div>\n                          <div class=\"post-feed__post-date\">\n                abril 18, 2026              <\/div>\n                      <\/a>\n                  <a class=\"post-feed__post\" href=\"https:\/\/www.cisnevada.org\/es\/event\/resource-room-visit-cambeiro-elementary-school-2\/\">\n            <div class=\"post-feed__post-image\">\n              <img loading=\"lazy\" decoding=\"async\" width=\"650\" height=\"366\" src=\"https:\/\/www.cisnevada.org\/wp-content\/uploads\/2025\/08\/Cambeiro-ES-650x366.png\" class=\"attachment-featured size-featured\" alt=\"\" srcset=\"https:\/\/www.cisnevada.org\/wp-content\/uploads\/2025\/08\/Cambeiro-ES-650x366.png 650w, https:\/\/www.cisnevada.org\/wp-content\/uploads\/2025\/08\/Cambeiro-ES-300x169.png 300w, https:\/\/www.cisnevada.org\/wp-content\/uploads\/2025\/08\/Cambeiro-ES-768x432.png 768w, https:\/\/www.cisnevada.org\/wp-content\/uploads\/2025\/08\/Cambeiro-ES.png 800w\" sizes=\"auto, (max-width: 650px) 100vw, 650px\" \/>            <\/div>\n            <div class=\"post-feed__post-title\">\n              Resource Room Visit &#8211; Cambeiro Elementary School            <\/div>\n                          <div class=\"post-feed__post-date\">\n                abril 23, 2026              <\/div>\n                      <\/a>\n                  <a class=\"post-feed__post\" href=\"https:\/\/www.cisnevada.org\/es\/event\/southern-nevada-power-within-2026\/\">\n            <div class=\"post-feed__post-image\">\n              <img loading=\"lazy\" decoding=\"async\" width=\"650\" height=\"433\" src=\"https:\/\/www.cisnevada.org\/wp-content\/uploads\/2025\/12\/Screenshot-2025-12-04-160051-650x433.png\" class=\"attachment-featured size-featured\" alt=\"\" srcset=\"https:\/\/www.cisnevada.org\/wp-content\/uploads\/2025\/12\/Screenshot-2025-12-04-160051-650x433.png 650w, https:\/\/www.cisnevada.org\/wp-content\/uploads\/2025\/12\/Screenshot-2025-12-04-160051-300x200.png 300w, https:\/\/www.cisnevada.org\/wp-content\/uploads\/2025\/12\/Screenshot-2025-12-04-160051-1200x800.png 1200w, https:\/\/www.cisnevada.org\/wp-content\/uploads\/2025\/12\/Screenshot-2025-12-04-160051-768x511.png 768w, https:\/\/www.cisnevada.org\/wp-content\/uploads\/2025\/12\/Screenshot-2025-12-04-160051-1536x1022.png 1536w, https:\/\/www.cisnevada.org\/wp-content\/uploads\/2025\/12\/Screenshot-2025-12-04-160051-e1764892908481.png 751w\" sizes=\"auto, (max-width: 650px) 100vw, 650px\" \/>            <\/div>\n            <div class=\"post-feed__post-title\">\n              Southern Nevada Power Within 2026            <\/div>\n                          <div class=\"post-feed__post-date\">\n                mayo 1, 2026              <\/div>\n                      <\/a>\n                  <\/div>\n\n  <\/div>\n\n<\/section>\n\n\n<section  class=\"quote-cta alignfull is-style-default\">\n  <div class=\"quote-cta__grid\">\n    <div class=\"quote-cta__quote\">\n      <p>Nuestra misi\u00f3n consiste en brindar a los estudiantes una comunidad de apoyo que <span style=\"color: #000000;\">les permita continuar estudiando y triunfar en la vida.<\/span><\/p>\n              <a class=\"quote-cta__cta cta --large\" href=\"https:\/\/cisnevada.org\/about-us\/\">\n          Sobre Nosotros        <\/a>\n          <\/div>\n  <\/div>\n<\/section>","protected":false},"excerpt":{"rendered":"<p>Title I is where at least 40% of students enrolled live near the federal poverty line. The purpose of Title I is to ensure that &hellip;<\/p>\n","protected":false},"author":1,"featured_media":0,"parent":0,"menu_order":0,"comment_status":"closed","ping_status":"closed","template":"","meta":{"_acf_changed":false,"_price":"","_stock":"","_tribe_ticket_header":"","_tribe_default_ticket_provider":"","_tribe_ticket_capacity":"0","_ticket_start_date":"","_ticket_end_date":"","_tribe_ticket_show_description":"","_tribe_ticket_show_not_going":false,"_tribe_ticket_use_global_stock":"","_tribe_ticket_global_stock_level":"","_global_stock_mode":"","_global_stock_cap":"","_tribe_rsvp_for_event":"","_tribe_ticket_going_count":"","_tribe_ticket_not_going_count":"","_tribe_tickets_list":"[]","_tribe_ticket_has_attendee_info_fields":false,"_EventAllDay":false,"_EventTimezone":"","_EventStartDate":"","_EventEndDate":"","_EventStartDateUTC":"","_EventEndDateUTC":"","_EventShowMap":false,"_EventShowMapLink":false,"_EventURL":"","_EventCost":"","_EventCostDescription":"","_EventCurrencySymbol":"","_EventCurrencyCode":"","_EventCurrencyPosition":"","_EventDateTimeSeparator":"","_EventTimeRangeSeparator":"","_EventOrganizerID":[],"_EventVenueID":[],"_OrganizerEmail":"","_OrganizerPhone":"","_OrganizerWebsite":"","_VenueAddress":"","_VenueCity":"","_VenueCountry":"","_VenueProvince":"","_VenueState":"","_VenueZip":"","_VenuePhone":"","_VenueURL":"","_VenueStateProvince":"","_VenueLat":"","_VenueLng":"","_VenueShowMap":false,"_VenueShowMapLink":false,"_tribe_blocks_recurrence_rules":"","_tribe_blocks_recurrence_description":"","_tribe_blocks_recurrence_exclusions":"","footnotes":"","_tec_slr_enabled":"","_tec_slr_layout":""},"class_list":["post-11701","page","type-page","status-publish","hentry"],"acf":[],"yoast_head":"<!-- This site is optimized with the Yoast SEO plugin v27.3 - https:\/\/yoast.com\/product\/yoast-seo-wordpress\/ -->\n<title>Communities In Schools of Nevada | Apoyo Estudiantil para Todos los Ni\u00f1os<\/title>\n<meta name=\"description\" content=\"Communities In Schools of Nevada es una organizaci\u00f3n sin fines de lucro que ayuda a los estudiantes desatendidos a permanecer en la escuela mientras construyen comunidades que los apoyan. CIS of NV ofrece apoyo dentro de las escuelas en Las Vegas, Reno, Elko y en todo el estado de Nevada. M\u00e1s informaci\u00f3n.\" \/>\n<meta name=\"robots\" content=\"index, follow, max-snippet:-1, max-image-preview:large, max-video-preview:-1\" \/>\n<link rel=\"canonical\" href=\"https:\/\/www.cisnevada.org\/es\/\" \/>\n<meta property=\"og:locale\" content=\"es_ES\" \/>\n<meta property=\"og:type\" content=\"article\" \/>\n<meta property=\"og:title\" content=\"Communities In Schools of Nevada | Apoyo Estudiantil para Todos los Ni\u00f1os\" \/>\n<meta property=\"og:description\" content=\"Communities In Schools of Nevada es una organizaci\u00f3n sin fines de lucro que ayuda a los estudiantes desatendidos a permanecer en la escuela mientras construyen comunidades que los apoyan. CIS of NV ofrece apoyo dentro de las escuelas en Las Vegas, Reno, Elko y en todo el estado de Nevada. M\u00e1s informaci\u00f3n.\" \/>\n<meta property=\"og:url\" content=\"https:\/\/www.cisnevada.org\/es\/\" \/>\n<meta property=\"og:site_name\" content=\"CIS Nevada\" \/>\n<meta property=\"article:publisher\" content=\"https:\/\/www.facebook.com\/cisnevada\" \/>\n<meta property=\"article:modified_time\" content=\"2023-04-25T16:55:32+00:00\" \/>\n<meta property=\"og:image\" content=\"https:\/\/www.cisnevada.org\/wp-content\/uploads\/2022\/11\/cis_nevada_logo_2x.png\" \/>\n\t<meta property=\"og:image:width\" content=\"250\" \/>\n\t<meta property=\"og:image:height\" content=\"114\" \/>\n\t<meta property=\"og:image:type\" content=\"image\/png\" \/>\n<meta name=\"twitter:card\" content=\"summary_large_image\" \/>\n<meta name=\"twitter:site\" content=\"@cis_nevada\" \/>\n<meta name=\"twitter:label1\" content=\"Tiempo de lectura\" \/>\n\t<meta name=\"twitter:data1\" content=\"1 minuto\" \/>\n<script type=\"application\/ld+json\" class=\"yoast-schema-graph\">{\"@context\":\"https:\\\/\\\/schema.org\",\"@graph\":[{\"@type\":\"WebPage\",\"@id\":\"https:\\\/\\\/www.cisnevada.org\\\/es\\\/\",\"url\":\"https:\\\/\\\/www.cisnevada.org\\\/es\\\/\",\"name\":\"Communities In Schools of Nevada | Apoyo Estudiantil para Todos los Ni\u00f1os\",\"isPartOf\":{\"@id\":\"https:\\\/\\\/www.cisnevada.org\\\/#website\"},\"datePublished\":\"2022-11-12T05:43:48+00:00\",\"dateModified\":\"2023-04-25T16:55:32+00:00\",\"description\":\"Communities In Schools of Nevada es una organizaci\u00f3n sin fines de lucro que ayuda a los estudiantes desatendidos a permanecer en la escuela mientras construyen comunidades que los apoyan. CIS of NV ofrece apoyo dentro de las escuelas en Las Vegas, Reno, Elko y en todo el estado de Nevada. M\u00e1s informaci\u00f3n.\",\"breadcrumb\":{\"@id\":\"https:\\\/\\\/www.cisnevada.org\\\/es\\\/#breadcrumb\"},\"inLanguage\":\"es\",\"potentialAction\":[{\"@type\":\"ReadAction\",\"target\":[\"https:\\\/\\\/www.cisnevada.org\\\/es\\\/\"]}]},{\"@type\":\"BreadcrumbList\",\"@id\":\"https:\\\/\\\/www.cisnevada.org\\\/es\\\/#breadcrumb\",\"itemListElement\":[{\"@type\":\"ListItem\",\"position\":1,\"name\":\"Home\",\"item\":\"https:\\\/\\\/www.cisnevada.org\\\/es\\\/\"},{\"@type\":\"ListItem\",\"position\":2,\"name\":\"Casa\"}]},{\"@type\":\"WebSite\",\"@id\":\"https:\\\/\\\/www.cisnevada.org\\\/#website\",\"url\":\"https:\\\/\\\/www.cisnevada.org\\\/\",\"name\":\"CIS Nevada\",\"description\":\"Communities In Schools of Nevada\",\"publisher\":{\"@id\":\"https:\\\/\\\/www.cisnevada.org\\\/#organization\"},\"potentialAction\":[{\"@type\":\"SearchAction\",\"target\":{\"@type\":\"EntryPoint\",\"urlTemplate\":\"https:\\\/\\\/www.cisnevada.org\\\/?s={search_term_string}\"},\"query-input\":{\"@type\":\"PropertyValueSpecification\",\"valueRequired\":true,\"valueName\":\"search_term_string\"}}],\"inLanguage\":\"es\"},{\"@type\":\"Organization\",\"@id\":\"https:\\\/\\\/www.cisnevada.org\\\/#organization\",\"name\":\"CIS Nevada\",\"url\":\"https:\\\/\\\/www.cisnevada.org\\\/\",\"logo\":{\"@type\":\"ImageObject\",\"inLanguage\":\"es\",\"@id\":\"https:\\\/\\\/www.cisnevada.org\\\/#\\\/schema\\\/logo\\\/image\\\/\",\"url\":\"https:\\\/\\\/www.cisnevada.org\\\/wp-content\\\/uploads\\\/2022\\\/11\\\/cis_nevada_logo_2x.png\",\"contentUrl\":\"https:\\\/\\\/www.cisnevada.org\\\/wp-content\\\/uploads\\\/2022\\\/11\\\/cis_nevada_logo_2x.png\",\"width\":250,\"height\":114,\"caption\":\"CIS Nevada\"},\"image\":{\"@id\":\"https:\\\/\\\/www.cisnevada.org\\\/#\\\/schema\\\/logo\\\/image\\\/\"},\"sameAs\":[\"https:\\\/\\\/www.facebook.com\\\/cisnevada\",\"https:\\\/\\\/x.com\\\/cis_nevada\",\"https:\\\/\\\/www.youtube.com\\\/channel\\\/UCT_JCEEI4Ixq0KELy93MCLg\",\"https:\\\/\\\/www.instagram.com\\\/cis_nevada\\\/\"]}]}<\/script>\n<!-- \/ Yoast SEO plugin. -->","yoast_head_json":{"title":"Communities In Schools of Nevada | Apoyo Estudiantil para Todos los Ni\u00f1os","description":"Communities In Schools of Nevada es una organizaci\u00f3n sin fines de lucro que ayuda a los estudiantes desatendidos a permanecer en la escuela mientras construyen comunidades que los apoyan. CIS of NV ofrece apoyo dentro de las escuelas en Las Vegas, Reno, Elko y en todo el estado de Nevada. M\u00e1s informaci\u00f3n.","robots":{"index":"index","follow":"follow","max-snippet":"max-snippet:-1","max-image-preview":"max-image-preview:large","max-video-preview":"max-video-preview:-1"},"canonical":"https:\/\/www.cisnevada.org\/es\/","og_locale":"es_ES","og_type":"article","og_title":"Communities In Schools of Nevada | Apoyo Estudiantil para Todos los Ni\u00f1os","og_description":"Communities In Schools of Nevada es una organizaci\u00f3n sin fines de lucro que ayuda a los estudiantes desatendidos a permanecer en la escuela mientras construyen comunidades que los apoyan. CIS of NV ofrece apoyo dentro de las escuelas en Las Vegas, Reno, Elko y en todo el estado de Nevada. M\u00e1s informaci\u00f3n.","og_url":"https:\/\/www.cisnevada.org\/es\/","og_site_name":"CIS Nevada","article_publisher":"https:\/\/www.facebook.com\/cisnevada","article_modified_time":"2023-04-25T16:55:32+00:00","og_image":[{"width":250,"height":114,"url":"https:\/\/www.cisnevada.org\/wp-content\/uploads\/2022\/11\/cis_nevada_logo_2x.png","type":"image\/png"}],"twitter_card":"summary_large_image","twitter_site":"@cis_nevada","twitter_misc":{"Tiempo de lectura":"1 minuto"},"schema":{"@context":"https:\/\/schema.org","@graph":[{"@type":"WebPage","@id":"https:\/\/www.cisnevada.org\/es\/","url":"https:\/\/www.cisnevada.org\/es\/","name":"Communities In Schools of Nevada | Apoyo Estudiantil para Todos los Ni\u00f1os","isPartOf":{"@id":"https:\/\/www.cisnevada.org\/#website"},"datePublished":"2022-11-12T05:43:48+00:00","dateModified":"2023-04-25T16:55:32+00:00","description":"Communities In Schools of Nevada es una organizaci\u00f3n sin fines de lucro que ayuda a los estudiantes desatendidos a permanecer en la escuela mientras construyen comunidades que los apoyan. CIS of NV ofrece apoyo dentro de las escuelas en Las Vegas, Reno, Elko y en todo el estado de Nevada. M\u00e1s informaci\u00f3n.","breadcrumb":{"@id":"https:\/\/www.cisnevada.org\/es\/#breadcrumb"},"inLanguage":"es","potentialAction":[{"@type":"ReadAction","target":["https:\/\/www.cisnevada.org\/es\/"]}]},{"@type":"BreadcrumbList","@id":"https:\/\/www.cisnevada.org\/es\/#breadcrumb","itemListElement":[{"@type":"ListItem","position":1,"name":"Home","item":"https:\/\/www.cisnevada.org\/es\/"},{"@type":"ListItem","position":2,"name":"Casa"}]},{"@type":"WebSite","@id":"https:\/\/www.cisnevada.org\/#website","url":"https:\/\/www.cisnevada.org\/","name":"CIS Nevada","description":"Communities In Schools of Nevada","publisher":{"@id":"https:\/\/www.cisnevada.org\/#organization"},"potentialAction":[{"@type":"SearchAction","target":{"@type":"EntryPoint","urlTemplate":"https:\/\/www.cisnevada.org\/?s={search_term_string}"},"query-input":{"@type":"PropertyValueSpecification","valueRequired":true,"valueName":"search_term_string"}}],"inLanguage":"es"},{"@type":"Organization","@id":"https:\/\/www.cisnevada.org\/#organization","name":"CIS Nevada","url":"https:\/\/www.cisnevada.org\/","logo":{"@type":"ImageObject","inLanguage":"es","@id":"https:\/\/www.cisnevada.org\/#\/schema\/logo\/image\/","url":"https:\/\/www.cisnevada.org\/wp-content\/uploads\/2022\/11\/cis_nevada_logo_2x.png","contentUrl":"https:\/\/www.cisnevada.org\/wp-content\/uploads\/2022\/11\/cis_nevada_logo_2x.png","width":250,"height":114,"caption":"CIS Nevada"},"image":{"@id":"https:\/\/www.cisnevada.org\/#\/schema\/logo\/image\/"},"sameAs":["https:\/\/www.facebook.com\/cisnevada","https:\/\/x.com\/cis_nevada","https:\/\/www.youtube.com\/channel\/UCT_JCEEI4Ixq0KELy93MCLg","https:\/\/www.instagram.com\/cis_nevada\/"]}]}},"ticketed":false,"_links":{"self":[{"href":"https:\/\/www.cisnevada.org\/es\/wp-json\/wp\/v2\/pages\/11701","targetHints":{"allow":["GET"]}}],"collection":[{"href":"https:\/\/www.cisnevada.org\/es\/wp-json\/wp\/v2\/pages"}],"about":[{"href":"https:\/\/www.cisnevada.org\/es\/wp-json\/wp\/v2\/types\/page"}],"author":[{"embeddable":true,"href":"https:\/\/www.cisnevada.org\/es\/wp-json\/wp\/v2\/users\/1"}],"replies":[{"embeddable":true,"href":"https:\/\/www.cisnevada.org\/es\/wp-json\/wp\/v2\/comments?post=11701"}],"version-history":[{"count":0,"href":"https:\/\/www.cisnevada.org\/es\/wp-json\/wp\/v2\/pages\/11701\/revisions"}],"wp:attachment":[{"href":"https:\/\/www.cisnevada.org\/es\/wp-json\/wp\/v2\/media?parent=11701"}],"curies":[{"name":"wp","href":"https:\/\/api.w.org\/{rel}","templated":true}]}}